{"id":111,"date":"2025-08-01T14:52:36","date_gmt":"2025-08-01T13:52:36","guid":{"rendered":"https:\/\/www.spopielarniakonin.pl\/?page_id=111"},"modified":"2026-04-16T09:09:57","modified_gmt":"2026-04-16T08:09:57","slug":"kontakt","status":"publish","type":"page","link":"https:\/\/www.spopielarniakonin.pl\/?page_id=111","title":{"rendered":"Kontakt"},"content":{"rendered":"\t\t<div data-elementor-type=\"wp-page\" data-elementor-id=\"111\" class=\"elementor elementor-111\" data-elementor-post-type=\"page\">\n\t\t\t\t<div class=\"elementor-element elementor-element-308e244a e-flex e-con-boxed e-con e-parent\" data-id=\"308e244a\" data-element_type=\"container\" data-e-type=\"container\">\n\t\t\t\t\t<div class=\"e-con-inner\">\n\t\t<div class=\"elementor-element elementor-element-47ac27e9 e-con-full e-flex e-con e-child\" data-id=\"47ac27e9\" data-element_type=\"container\" data-e-type=\"container\" data-settings=\"{&quot;background_background&quot;:&quot;gradient&quot;}\">\n\t\t\t\t<div class=\"elementor-element elementor-element-44d60aad animated-fast elementor-invisible elementor-widget elementor-widget-heading\" data-id=\"44d60aad\" data-element_type=\"widget\" data-e-type=\"widget\" data-settings=\"{&quot;_animation&quot;:&quot;fadeIn&quot;}\" data-widget_type=\"heading.default\">\n\t\t\t\t<div class=\"elementor-widget-container\">\n\t\t\t\t\t<h1 class=\"elementor-heading-title elementor-size-default\">Kontakt<\/h1>\t\t\t\t<\/div>\n\t\t\t\t<\/div>\n\t\t\t\t<div class=\"elementor-element elementor-element-6dbebbd7 elementor-widget__width-initial elementor-invisible elementor-widget elementor-widget-text-editor\" data-id=\"6dbebbd7\" data-element_type=\"widget\" data-e-type=\"widget\" data-settings=\"{&quot;_animation_delay&quot;:&quot;200&quot;,&quot;_animation&quot;:&quot;fadeIn&quot;}\" data-widget_type=\"text-editor.default\">\n\t\t\t\t<div class=\"elementor-widget-container\">\n\t\t\t\t\t\t\t\t\t<p>Celem jest budowa nowoczesnej, w pe\u0142ni zgodnej z przepisami Unii Europejskiej <br \/>i polskiego prawa instalacji do kremacji zw\u0142ok, kt\u00f3ra b\u0119dzie odpowiada\u0107 na rosn\u0105ce zapotrzebowanie spo\u0142eczne i kulturowe na tego rodzaju form\u0119 poch\u00f3wku.<\/p><p>Lokalizacja przedmiotowej inwestycji jest zgodna z Miejscowym Planem Zagospodarowania Przestrzennego oraz nie jest inwestycj\u0105 us\u0142ug uci\u0105\u017cliwych.<\/p>\t\t\t\t\t\t\t\t<\/div>\n\t\t\t\t<\/div>\n\t\t\t\t<div class=\"elementor-element elementor-element-c7f08b7 elementor-widget-divider--view-line elementor-widget elementor-widget-divider\" data-id=\"c7f08b7\" data-element_type=\"widget\" data-e-type=\"widget\" data-widget_type=\"divider.default\">\n\t\t\t\t<div class=\"elementor-widget-container\">\n\t\t\t\t\t\t\t<div class=\"elementor-divider\">\n\t\t\t<span class=\"elementor-divider-separator\">\n\t\t\t\t\t\t<\/span>\n\t\t<\/div>\n\t\t\t\t\t\t<\/div>\n\t\t\t\t<\/div>\n\t\t\t\t<div class=\"elementor-element elementor-element-a6581f0 elementor-widget__width-initial elementor-invisible elementor-widget elementor-widget-text-editor\" data-id=\"a6581f0\" data-element_type=\"widget\" data-e-type=\"widget\" data-settings=\"{&quot;_animation_delay&quot;:&quot;200&quot;,&quot;_animation&quot;:&quot;fadeIn&quot;}\" data-widget_type=\"text-editor.default\">\n\t\t\t\t<div class=\"elementor-widget-container\">\n\t\t\t\t\t\t\t\t\t<p>Strona ma charakter informacyjny o inwestycji Spopielarni Konin w regionie.<\/p><p>Nied\u0142ugo postaramy si\u0119 udzieli\u0107 wi\u0119cej informacji dla Pa\u0144stwa.<\/p><p>\u00a0<\/p>\t\t\t\t\t\t\t\t<\/div>\n\t\t\t\t<\/div>\n\t\t\t\t<div class=\"elementor-element elementor-element-58ae4d7e elementor-icon-list--layout-inline animated-slow elementor-list-item-link-full_width elementor-invisible elementor-widget elementor-widget-icon-list\" data-id=\"58ae4d7e\" data-element_type=\"widget\" data-e-type=\"widget\" data-settings=\"{&quot;_animation&quot;:&quot;fadeIn&quot;,&quot;_animation_delay&quot;:&quot;400&quot;}\" data-widget_type=\"icon-list.default\">\n\t\t\t\t<div class=\"elementor-widget-container\">\n\t\t\t\t\t\t\t<ul class=\"elementor-icon-list-items elementor-inline-items\">\n\t\t\t\t\t\t\t<li class=\"elementor-icon-list-item elementor-inline-item\">\n\t\t\t\t\t\t\t\t\t\t\t<span class=\"elementor-icon-list-icon\">\n\t\t\t\t\t\t\t<svg aria-hidden=\"true\" class=\"e-font-icon-svg e-fas-envelope\" viewBox=\"0 0 512 512\" xmlns=\"http:\/\/www.w3.org\/2000\/svg\"><path d=\"M502.3 190.8c3.9-3.1 9.7-.2 9.7 4.7V400c0 26.5-21.5 48-48 48H48c-26.5 0-48-21.5-48-48V195.6c0-5 5.7-7.8 9.7-4.7 22.4 17.4 52.1 39.5 154.1 113.6 21.1 15.4 56.7 47.8 92.2 47.6 35.7.3 72-32.8 92.3-47.6 102-74.1 131.6-96.3 154-113.7zM256 320c23.2.4 56.6-29.2 73.4-41.4 132.7-96.3 142.8-104.7 173.4-128.7 5.8-4.5 9.2-11.5 9.2-18.9v-19c0-26.5-21.5-48-48-48H48C21.5 64 0 85.5 0 112v19c0 7.4 3.4 14.3 9.2 18.9 30.6 23.9 40.7 32.4 173.4 128.7 16.8 12.2 50.2 41.8 73.4 41.4z\"><\/path><\/svg>\t\t\t\t\t\t<\/span>\n\t\t\t\t\t\t\t\t\t\t<span class=\"elementor-icon-list-text\">Email: info@asonaenergy.pl<\/span>\n\t\t\t\t\t\t\t\t\t<\/li>\n\t\t\t\t\t\t<\/ul>\n\t\t\t\t\t\t<\/div>\n\t\t\t\t<\/div>\n\t\t\t\t<\/div>\n\t\t<div class=\"elementor-element elementor-element-75514d20 e-con-full e-flex e-con e-child\" data-id=\"75514d20\" data-element_type=\"container\" data-e-type=\"container\" data-settings=\"{&quot;background_background&quot;:&quot;classic&quot;,&quot;background_motion_fx_motion_fx_scrolling&quot;:&quot;yes&quot;,&quot;background_motion_fx_opacity_effect&quot;:&quot;yes&quot;,&quot;background_motion_fx_opacity_direction&quot;:&quot;in-out&quot;,&quot;background_motion_fx_opacity_range&quot;:{&quot;unit&quot;:&quot;%&quot;,&quot;size&quot;:&quot;&quot;,&quot;sizes&quot;:{&quot;start&quot;:&quot;50&quot;,&quot;end&quot;:&quot;100&quot;}},&quot;background_motion_fx_opacity_level&quot;:{&quot;unit&quot;:&quot;px&quot;,&quot;size&quot;:10,&quot;sizes&quot;:[]},&quot;background_motion_fx_devices&quot;:[&quot;desktop&quot;,&quot;tablet&quot;,&quot;mobile&quot;]}\">\n\t\t\t\t<\/div>\n\t\t\t\t\t<\/div>\n\t\t\t\t<\/div>\n\t\t<div class=\"elementor-element elementor-element-3f300b56 e-flex e-con-boxed e-con e-parent\" data-id=\"3f300b56\" data-element_type=\"container\" data-e-type=\"container\">\n\t\t\t\t\t<div class=\"e-con-inner\">\n\t\t\t\t<div class=\"elementor-element elementor-element-24b2ef59 elementor-widget-mobile__width-inherit elementor-widget elementor-widget-image\" data-id=\"24b2ef59\" data-element_type=\"widget\" data-e-type=\"widget\" data-settings=\"{&quot;motion_fx_motion_fx_scrolling&quot;:&quot;yes&quot;,&quot;motion_fx_translateY_effect&quot;:&quot;yes&quot;,&quot;motion_fx_translateY_speed&quot;:{&quot;unit&quot;:&quot;px&quot;,&quot;size&quot;:&quot;1&quot;,&quot;sizes&quot;:[]},&quot;motion_fx_devices&quot;:[&quot;desktop&quot;,&quot;tablet&quot;],&quot;motion_fx_translateY_affectedRange&quot;:{&quot;unit&quot;:&quot;%&quot;,&quot;size&quot;:&quot;&quot;,&quot;sizes&quot;:{&quot;start&quot;:0,&quot;end&quot;:100}}}\" data-widget_type=\"image.default\">\n\t\t\t\t<div class=\"elementor-widget-container\">\n\t\t\t\t\t\t\t\t\t\t\t\t\t\t\t<img fetchpriority=\"high\" decoding=\"async\" width=\"2560\" height=\"1707\" src=\"https:\/\/www.spopielarniakonin.pl\/wp-content\/uploads\/2025\/08\/white-lily-black-cremation-urn-with-burning-candles-scaled.jpg\" class=\"attachment-full size-full wp-image-497\" alt=\"\" srcset=\"https:\/\/www.spopielarniakonin.pl\/wp-content\/uploads\/2025\/08\/white-lily-black-cremation-urn-with-burning-candles-scaled.jpg 2560w, https:\/\/www.spopielarniakonin.pl\/wp-content\/uploads\/2025\/08\/white-lily-black-cremation-urn-with-burning-candles-300x200.jpg 300w, https:\/\/www.spopielarniakonin.pl\/wp-content\/uploads\/2025\/08\/white-lily-black-cremation-urn-with-burning-candles-1024x683.jpg 1024w, https:\/\/www.spopielarniakonin.pl\/wp-content\/uploads\/2025\/08\/white-lily-black-cremation-urn-with-burning-candles-768x512.jpg 768w, https:\/\/www.spopielarniakonin.pl\/wp-content\/uploads\/2025\/08\/white-lily-black-cremation-urn-with-burning-candles-1536x1024.jpg 1536w, https:\/\/www.spopielarniakonin.pl\/wp-content\/uploads\/2025\/08\/white-lily-black-cremation-urn-with-burning-candles-2048x1365.jpg 2048w\" sizes=\"(max-width: 2560px) 100vw, 2560px\" \/>\t\t\t\t\t\t\t\t\t\t\t\t\t\t\t<\/div>\n\t\t\t\t<\/div>\n\t\t<div class=\"elementor-element elementor-element-5ae7854a e-con-full e-flex e-con e-child\" data-id=\"5ae7854a\" data-element_type=\"container\" data-e-type=\"container\" data-settings=\"{&quot;background_background&quot;:&quot;classic&quot;}\">\n\t\t\t\t<div class=\"elementor-element elementor-element-719b246e elementor-button-align-start elementor-widget__width-initial elementor-widget elementor-widget-form\" data-id=\"719b246e\" data-element_type=\"widget\" data-e-type=\"widget\" data-settings=\"{&quot;step_next_label&quot;:&quot;Next&quot;,&quot;step_previous_label&quot;:&quot;Previous&quot;,&quot;button_width&quot;:&quot;100&quot;,&quot;step_type&quot;:&quot;number_text&quot;,&quot;step_icon_shape&quot;:&quot;circle&quot;}\" data-widget_type=\"form.default\">\n\t\t\t\t<div class=\"elementor-widget-container\">\n\t\t\t\t\t\t\t<form class=\"elementor-form\" method=\"post\" name=\"Contact Form\" aria-label=\"Contact Form\">\n\t\t\t<input type=\"hidden\" name=\"post_id\" value=\"111\"\/>\n\t\t\t<input type=\"hidden\" name=\"form_id\" value=\"719b246e\"\/>\n\t\t\t<input type=\"hidden\" name=\"referer_title\" value=\"Spopielarnia Konin\" \/>\n\n\t\t\t\n\t\t\t<div class=\"elementor-form-fields-wrapper elementor-labels-\">\n\t\t\t\t\t\t\t\t<div class=\"elementor-field-type-text elementor-field-group elementor-column elementor-field-group-name elementor-col-50 elementor-field-required\">\n\t\t\t\t\t\t\t\t\t\t\t\t<label for=\"form-field-name\" class=\"elementor-field-label elementor-screen-only\">\n\t\t\t\t\t\t\t\tFirst Name\t\t\t\t\t\t\t<\/label>\n\t\t\t\t\t\t\t\t\t\t\t\t\t\t<input size=\"1\" type=\"text\" name=\"form_fields[name]\" id=\"form-field-name\" class=\"elementor-field elementor-size-sm  elementor-field-textual\" placeholder=\"Imi\u0119*\" required=\"required\">\n\t\t\t\t\t\t\t\t\t\t\t<\/div>\n\t\t\t\t\t\t\t\t<div class=\"elementor-field-type-text elementor-field-group elementor-column elementor-field-group-field_80aae16 elementor-col-50\">\n\t\t\t\t\t\t\t\t\t\t\t\t<label for=\"form-field-field_80aae16\" class=\"elementor-field-label elementor-screen-only\">\n\t\t\t\t\t\t\t\tLast Name\t\t\t\t\t\t\t<\/label>\n\t\t\t\t\t\t\t\t\t\t\t\t\t\t<input size=\"1\" type=\"text\" name=\"form_fields[field_80aae16]\" id=\"form-field-field_80aae16\" class=\"elementor-field elementor-size-sm  elementor-field-textual\" placeholder=\"Nazwisko\">\n\t\t\t\t\t\t\t\t\t\t\t<\/div>\n\t\t\t\t\t\t\t\t<div class=\"elementor-field-type-email elementor-field-group elementor-column elementor-field-group-email elementor-col-50 elementor-field-required\">\n\t\t\t\t\t\t\t\t\t\t\t\t<label for=\"form-field-email\" class=\"elementor-field-label elementor-screen-only\">\n\t\t\t\t\t\t\t\tEmail\t\t\t\t\t\t\t<\/label>\n\t\t\t\t\t\t\t\t\t\t\t\t\t\t<input size=\"1\" type=\"email\" name=\"form_fields[email]\" id=\"form-field-email\" class=\"elementor-field elementor-size-sm  elementor-field-textual\" placeholder=\"Email*\" required=\"required\">\n\t\t\t\t\t\t\t\t\t\t\t<\/div>\n\t\t\t\t\t\t\t\t<div class=\"elementor-field-type-tel elementor-field-group elementor-column elementor-field-group-field_2ab6dff elementor-col-50 elementor-field-required\">\n\t\t\t\t\t\t\t\t\t\t\t\t<label for=\"form-field-field_2ab6dff\" class=\"elementor-field-label elementor-screen-only\">\n\t\t\t\t\t\t\t\tPhone\t\t\t\t\t\t\t<\/label>\n\t\t\t\t\t\t\t\t<input size=\"1\" type=\"tel\" name=\"form_fields[field_2ab6dff]\" id=\"form-field-field_2ab6dff\" class=\"elementor-field elementor-size-sm  elementor-field-textual\" placeholder=\"Telefon*\" required=\"required\" pattern=\"[0-9()#&amp;+*-=.]+\" title=\"Akceptowane s\u0105 jedynie cyfry i znaki telefoniczne (#,-,*).\">\n\n\t\t\t\t\t\t<\/div>\n\t\t\t\t\t\t\t\t<div class=\"elementor-field-type-date elementor-field-group elementor-column elementor-field-group-field_e047c2d elementor-col-50 elementor-md-100\">\n\t\t\t\t\t\t\t\t\t\t\t\t<label for=\"form-field-field_e047c2d\" class=\"elementor-field-label elementor-screen-only\">\n\t\t\t\t\t\t\t\tDate of Service\t\t\t\t\t\t\t<\/label>\n\t\t\t\t\t\t\n\t\t<input type=\"date\" name=\"form_fields[field_e047c2d]\" id=\"form-field-field_e047c2d\" class=\"elementor-field elementor-size-sm  elementor-field-textual elementor-date-field\" placeholder=\"Data Us\u0142ugi\" pattern=\"[0-9]{4}-[0-9]{2}-[0-9]{2}\">\n\t\t\t\t\t\t<\/div>\n\t\t\t\t\t\t\t\t<div class=\"elementor-field-type-select elementor-field-group elementor-column elementor-field-group-field_e905dd8 elementor-col-50 elementor-md-100\">\n\t\t\t\t\t\t\t\t\t\t\t\t<label for=\"form-field-field_e905dd8\" class=\"elementor-field-label elementor-screen-only\">\n\t\t\t\t\t\t\t\tSelect a Service\t\t\t\t\t\t\t<\/label>\n\t\t\t\t\t\t\t\t<div class=\"elementor-field elementor-select-wrapper remove-before \">\n\t\t\t<div class=\"select-caret-down-wrapper\">\n\t\t\t\t<svg aria-hidden=\"true\" class=\"e-font-icon-svg e-eicon-caret-down\" viewBox=\"0 0 571.4 571.4\" xmlns=\"http:\/\/www.w3.org\/2000\/svg\"><path d=\"M571 393Q571 407 561 418L311 668Q300 679 286 679T261 668L11 418Q0 407 0 393T11 368 36 357H536Q550 357 561 368T571 393Z\"><\/path><\/svg>\t\t\t<\/div>\n\t\t\t<select name=\"form_fields[field_e905dd8]\" id=\"form-field-field_e905dd8\" class=\"elementor-field-textual elementor-size-sm\">\n\t\t\t\t\t\t\t\t\t<option value=\"Kremacja\">Kremacja<\/option>\n\t\t\t\t\t\t\t\t\t<option value=\"Konsultacja\">Konsultacja<\/option>\n\t\t\t\t\t\t\t<\/select>\n\t\t<\/div>\n\t\t\t\t\t\t<\/div>\n\t\t\t\t\t\t\t\t<div class=\"elementor-field-type-textarea elementor-field-group elementor-column elementor-field-group-message elementor-col-100\">\n\t\t\t\t\t\t\t\t\t\t\t\t<label for=\"form-field-message\" class=\"elementor-field-label elementor-screen-only\">\n\t\t\t\t\t\t\t\tMessage\t\t\t\t\t\t\t<\/label>\n\t\t\t\t\t\t<textarea class=\"elementor-field-textual elementor-field  elementor-size-sm\" name=\"form_fields[message]\" id=\"form-field-message\" rows=\"4\" placeholder=\"Wiadomo\u015b\u0107\"><\/textarea>\t\t\t\t<\/div>\n\t\t\t\t\t\t\t\t<div class=\"elementor-field-group elementor-column elementor-field-type-submit elementor-col-100 e-form__buttons\">\n\t\t\t\t\t<button class=\"elementor-button elementor-size-sm\" type=\"submit\">\n\t\t\t\t\t\t<span class=\"elementor-button-content-wrapper\">\n\t\t\t\t\t\t\t\t\t\t\t\t\t\t\t\t\t\t\t\t\t\t<span class=\"elementor-button-text\">Wy\u015blij<\/span>\n\t\t\t\t\t\t\t\t\t\t\t\t\t<\/span>\n\t\t\t\t\t<\/button>\n\t\t\t\t<\/div>\n\t\t\t<\/div>\n\t\t<\/form>\n\t\t\t\t\t\t<\/div>\n\t\t\t\t<\/div>\n\t\t\t\t<\/div>\n\t\t\t\t\t<\/div>\n\t\t\t\t<\/div>\n\t\t\t\t<\/div>\n\t\t","protected":false},"excerpt":{"rendered":"<p>Kontakt Celem jest budowa nowoczesnej, w pe\u0142ni zgodnej z przepisami Unii Europejskiej i polskiego prawa instalacji do kremacji zw\u0142ok, kt\u00f3ra b\u0119dzie odpowiada\u0107 na rosn\u0105ce zapotrzebowanie spo\u0142eczne i kulturowe na tego rodzaju form\u0119 poch\u00f3wku. Lokalizacja przedmiotowej inwestycji jest zgodna z Miejscowym Planem Zagospodarowania Przestrzennego oraz nie jest inwestycj\u0105 us\u0142ug uci\u0105\u017cliwych. Strona ma charakter informacyjny o inwestycji [&hellip;]<\/p>\n","protected":false},"author":2,"featured_media":0,"parent":0,"menu_order":0,"comment_status":"closed","ping_status":"closed","template":"elementor_header_footer","meta":{"footnotes":""},"class_list":["post-111","page","type-page","status-publish","hentry"],"yoast_head":"<!-- This site is optimized with the Yoast SEO plugin v27.4 - https:\/\/yoast.com\/product\/yoast-seo-wordpress\/ -->\n<title>Kontakt - Spopielarnia Konin<\/title>\n<meta name=\"robots\" content=\"index, follow, max-snippet:-1, max-image-preview:large, max-video-preview:-1\" \/>\n<link rel=\"canonical\" href=\"https:\/\/www.spopielarniakonin.pl\/?page_id=111\" \/>\n<meta property=\"og:locale\" content=\"pl_PL\" \/>\n<meta property=\"og:type\" content=\"article\" \/>\n<meta property=\"og:title\" content=\"Kontakt - Spopielarnia Konin\" \/>\n<meta property=\"og:description\" content=\"Kontakt Celem jest budowa nowoczesnej, w pe\u0142ni zgodnej z przepisami Unii Europejskiej i polskiego prawa instalacji do kremacji zw\u0142ok, kt\u00f3ra b\u0119dzie odpowiada\u0107 na rosn\u0105ce zapotrzebowanie spo\u0142eczne i kulturowe na tego rodzaju form\u0119 poch\u00f3wku. Lokalizacja przedmiotowej inwestycji jest zgodna z Miejscowym Planem Zagospodarowania Przestrzennego oraz nie jest inwestycj\u0105 us\u0142ug uci\u0105\u017cliwych. Strona ma charakter informacyjny o inwestycji [&hellip;]\" \/>\n<meta property=\"og:url\" content=\"https:\/\/www.spopielarniakonin.pl\/?page_id=111\" \/>\n<meta property=\"og:site_name\" content=\"Spopielarnia Konin\" \/>\n<meta property=\"article:modified_time\" content=\"2026-04-16T08:09:57+00:00\" \/>\n<meta property=\"og:image\" content=\"https:\/\/www.spopielarniakonin.pl\/wp-content\/uploads\/2025\/08\/white-lily-black-cremation-urn-with-burning-candles-scaled.jpg\" \/>\n\t<meta property=\"og:image:width\" content=\"2560\" \/>\n\t<meta property=\"og:image:height\" content=\"1707\" \/>\n\t<meta property=\"og:image:type\" content=\"image\/jpeg\" \/>\n<meta name=\"twitter:card\" content=\"summary_large_image\" \/>\n<meta name=\"twitter:label1\" content=\"Szacowany czas czytania\" \/>\n\t<meta name=\"twitter:data1\" content=\"1 minuta\" \/>\n<script type=\"application\/ld+json\" class=\"yoast-schema-graph\">{\"@context\":\"https:\\\/\\\/schema.org\",\"@graph\":[{\"@type\":\"WebPage\",\"@id\":\"https:\\\/\\\/www.spopielarniakonin.pl\\\/?page_id=111\",\"url\":\"https:\\\/\\\/www.spopielarniakonin.pl\\\/?page_id=111\",\"name\":\"Kontakt - Spopielarnia Konin\",\"isPartOf\":{\"@id\":\"https:\\\/\\\/www.spopielarniakonin.pl\\\/#website\"},\"primaryImageOfPage\":{\"@id\":\"https:\\\/\\\/www.spopielarniakonin.pl\\\/?page_id=111#primaryimage\"},\"image\":{\"@id\":\"https:\\\/\\\/www.spopielarniakonin.pl\\\/?page_id=111#primaryimage\"},\"thumbnailUrl\":\"https:\\\/\\\/www.spopielarniakonin.pl\\\/wp-content\\\/uploads\\\/2025\\\/08\\\/white-lily-black-cremation-urn-with-burning-candles-scaled.jpg\",\"datePublished\":\"2025-08-01T13:52:36+00:00\",\"dateModified\":\"2026-04-16T08:09:57+00:00\",\"breadcrumb\":{\"@id\":\"https:\\\/\\\/www.spopielarniakonin.pl\\\/?page_id=111#breadcrumb\"},\"inLanguage\":\"pl-PL\",\"potentialAction\":[{\"@type\":\"ReadAction\",\"target\":[\"https:\\\/\\\/www.spopielarniakonin.pl\\\/?page_id=111\"]}]},{\"@type\":\"ImageObject\",\"inLanguage\":\"pl-PL\",\"@id\":\"https:\\\/\\\/www.spopielarniakonin.pl\\\/?page_id=111#primaryimage\",\"url\":\"https:\\\/\\\/www.spopielarniakonin.pl\\\/wp-content\\\/uploads\\\/2025\\\/08\\\/white-lily-black-cremation-urn-with-burning-candles-scaled.jpg\",\"contentUrl\":\"https:\\\/\\\/www.spopielarniakonin.pl\\\/wp-content\\\/uploads\\\/2025\\\/08\\\/white-lily-black-cremation-urn-with-burning-candles-scaled.jpg\",\"width\":2560,\"height\":1707},{\"@type\":\"BreadcrumbList\",\"@id\":\"https:\\\/\\\/www.spopielarniakonin.pl\\\/?page_id=111#breadcrumb\",\"itemListElement\":[{\"@type\":\"ListItem\",\"position\":1,\"name\":\"Strona g\u0142\u00f3wna\",\"item\":\"https:\\\/\\\/www.spopielarniakonin.pl\\\/\"},{\"@type\":\"ListItem\",\"position\":2,\"name\":\"Kontakt\"}]},{\"@type\":\"WebSite\",\"@id\":\"https:\\\/\\\/www.spopielarniakonin.pl\\\/#website\",\"url\":\"https:\\\/\\\/www.spopielarniakonin.pl\\\/\",\"name\":\"Spopielarnia Konin\",\"description\":\"Profesjonalne us\u0142ugi kremacyjne w Koninie\",\"publisher\":{\"@id\":\"https:\\\/\\\/www.spopielarniakonin.pl\\\/#organization\"},\"potentialAction\":[{\"@type\":\"SearchAction\",\"target\":{\"@type\":\"EntryPoint\",\"urlTemplate\":\"https:\\\/\\\/www.spopielarniakonin.pl\\\/?s={search_term_string}\"},\"query-input\":{\"@type\":\"PropertyValueSpecification\",\"valueRequired\":true,\"valueName\":\"search_term_string\"}}],\"inLanguage\":\"pl-PL\"},{\"@type\":\"Organization\",\"@id\":\"https:\\\/\\\/www.spopielarniakonin.pl\\\/#organization\",\"name\":\"Spopielarnia Konin\",\"url\":\"https:\\\/\\\/www.spopielarniakonin.pl\\\/\",\"logo\":{\"@type\":\"ImageObject\",\"inLanguage\":\"pl-PL\",\"@id\":\"https:\\\/\\\/www.spopielarniakonin.pl\\\/#\\\/schema\\\/logo\\\/image\\\/\",\"url\":\"https:\\\/\\\/www.spopielarniakonin.pl\\\/wp-content\\\/uploads\\\/2025\\\/05\\\/Spopielarnia-Konin-Logo-web-2025.svg\",\"contentUrl\":\"https:\\\/\\\/www.spopielarniakonin.pl\\\/wp-content\\\/uploads\\\/2025\\\/05\\\/Spopielarnia-Konin-Logo-web-2025.svg\",\"width\":100,\"height\":100,\"caption\":\"Spopielarnia Konin\"},\"image\":{\"@id\":\"https:\\\/\\\/www.spopielarniakonin.pl\\\/#\\\/schema\\\/logo\\\/image\\\/\"}}]}<\/script>\n<!-- \/ Yoast SEO plugin. -->","yoast_head_json":{"title":"Kontakt - Spopielarnia Konin","robots":{"index":"index","follow":"follow","max-snippet":"max-snippet:-1","max-image-preview":"max-image-preview:large","max-video-preview":"max-video-preview:-1"},"canonical":"https:\/\/www.spopielarniakonin.pl\/?page_id=111","og_locale":"pl_PL","og_type":"article","og_title":"Kontakt - Spopielarnia Konin","og_description":"Kontakt Celem jest budowa nowoczesnej, w pe\u0142ni zgodnej z przepisami Unii Europejskiej i polskiego prawa instalacji do kremacji zw\u0142ok, kt\u00f3ra b\u0119dzie odpowiada\u0107 na rosn\u0105ce zapotrzebowanie spo\u0142eczne i kulturowe na tego rodzaju form\u0119 poch\u00f3wku. Lokalizacja przedmiotowej inwestycji jest zgodna z Miejscowym Planem Zagospodarowania Przestrzennego oraz nie jest inwestycj\u0105 us\u0142ug uci\u0105\u017cliwych. Strona ma charakter informacyjny o inwestycji [&hellip;]","og_url":"https:\/\/www.spopielarniakonin.pl\/?page_id=111","og_site_name":"Spopielarnia Konin","article_modified_time":"2026-04-16T08:09:57+00:00","og_image":[{"width":2560,"height":1707,"url":"https:\/\/www.spopielarniakonin.pl\/wp-content\/uploads\/2025\/08\/white-lily-black-cremation-urn-with-burning-candles-scaled.jpg","type":"image\/jpeg"}],"twitter_card":"summary_large_image","twitter_misc":{"Szacowany czas czytania":"1 minuta"},"schema":{"@context":"https:\/\/schema.org","@graph":[{"@type":"WebPage","@id":"https:\/\/www.spopielarniakonin.pl\/?page_id=111","url":"https:\/\/www.spopielarniakonin.pl\/?page_id=111","name":"Kontakt - Spopielarnia Konin","isPartOf":{"@id":"https:\/\/www.spopielarniakonin.pl\/#website"},"primaryImageOfPage":{"@id":"https:\/\/www.spopielarniakonin.pl\/?page_id=111#primaryimage"},"image":{"@id":"https:\/\/www.spopielarniakonin.pl\/?page_id=111#primaryimage"},"thumbnailUrl":"https:\/\/www.spopielarniakonin.pl\/wp-content\/uploads\/2025\/08\/white-lily-black-cremation-urn-with-burning-candles-scaled.jpg","datePublished":"2025-08-01T13:52:36+00:00","dateModified":"2026-04-16T08:09:57+00:00","breadcrumb":{"@id":"https:\/\/www.spopielarniakonin.pl\/?page_id=111#breadcrumb"},"inLanguage":"pl-PL","potentialAction":[{"@type":"ReadAction","target":["https:\/\/www.spopielarniakonin.pl\/?page_id=111"]}]},{"@type":"ImageObject","inLanguage":"pl-PL","@id":"https:\/\/www.spopielarniakonin.pl\/?page_id=111#primaryimage","url":"https:\/\/www.spopielarniakonin.pl\/wp-content\/uploads\/2025\/08\/white-lily-black-cremation-urn-with-burning-candles-scaled.jpg","contentUrl":"https:\/\/www.spopielarniakonin.pl\/wp-content\/uploads\/2025\/08\/white-lily-black-cremation-urn-with-burning-candles-scaled.jpg","width":2560,"height":1707},{"@type":"BreadcrumbList","@id":"https:\/\/www.spopielarniakonin.pl\/?page_id=111#breadcrumb","itemListElement":[{"@type":"ListItem","position":1,"name":"Strona g\u0142\u00f3wna","item":"https:\/\/www.spopielarniakonin.pl\/"},{"@type":"ListItem","position":2,"name":"Kontakt"}]},{"@type":"WebSite","@id":"https:\/\/www.spopielarniakonin.pl\/#website","url":"https:\/\/www.spopielarniakonin.pl\/","name":"Spopielarnia Konin","description":"Profesjonalne us\u0142ugi kremacyjne w Koninie","publisher":{"@id":"https:\/\/www.spopielarniakonin.pl\/#organization"},"potentialAction":[{"@type":"SearchAction","target":{"@type":"EntryPoint","urlTemplate":"https:\/\/www.spopielarniakonin.pl\/?s={search_term_string}"},"query-input":{"@type":"PropertyValueSpecification","valueRequired":true,"valueName":"search_term_string"}}],"inLanguage":"pl-PL"},{"@type":"Organization","@id":"https:\/\/www.spopielarniakonin.pl\/#organization","name":"Spopielarnia Konin","url":"https:\/\/www.spopielarniakonin.pl\/","logo":{"@type":"ImageObject","inLanguage":"pl-PL","@id":"https:\/\/www.spopielarniakonin.pl\/#\/schema\/logo\/image\/","url":"https:\/\/www.spopielarniakonin.pl\/wp-content\/uploads\/2025\/05\/Spopielarnia-Konin-Logo-web-2025.svg","contentUrl":"https:\/\/www.spopielarniakonin.pl\/wp-content\/uploads\/2025\/05\/Spopielarnia-Konin-Logo-web-2025.svg","width":100,"height":100,"caption":"Spopielarnia Konin"},"image":{"@id":"https:\/\/www.spopielarniakonin.pl\/#\/schema\/logo\/image\/"}}]}},"_links":{"self":[{"href":"https:\/\/www.spopielarniakonin.pl\/index.php?rest_route=\/wp\/v2\/pages\/111","targetHints":{"allow":["GET"]}}],"collection":[{"href":"https:\/\/www.spopielarniakonin.pl\/index.php?rest_route=\/wp\/v2\/pages"}],"about":[{"href":"https:\/\/www.spopielarniakonin.pl\/index.php?rest_route=\/wp\/v2\/types\/page"}],"author":[{"embeddable":true,"href":"https:\/\/www.spopielarniakonin.pl\/index.php?rest_route=\/wp\/v2\/users\/2"}],"replies":[{"embeddable":true,"href":"https:\/\/www.spopielarniakonin.pl\/index.php?rest_route=%2Fwp%2Fv2%2Fcomments&post=111"}],"version-history":[{"count":28,"href":"https:\/\/www.spopielarniakonin.pl\/index.php?rest_route=\/wp\/v2\/pages\/111\/revisions"}],"predecessor-version":[{"id":652,"href":"https:\/\/www.spopielarniakonin.pl\/index.php?rest_route=\/wp\/v2\/pages\/111\/revisions\/652"}],"wp:attachment":[{"href":"https:\/\/www.spopielarniakonin.pl\/index.php?rest_route=%2Fwp%2Fv2%2Fmedia&parent=111"}],"curies":[{"name":"wp","href":"https:\/\/api.w.org\/{rel}","templated":true}]}}